{"id":1394,"date":"2017-08-18T00:18:45","date_gmt":"2017-08-18T00:18:45","guid":{"rendered":"http:\/\/localhost\/ups\/porto\/?page_id=1394"},"modified":"2017-10-23T19:55:45","modified_gmt":"2017-10-23T19:55:45","slug":"camaras-de-seguridad","status":"publish","type":"page","link":"https:\/\/www.upservice.cl\/site\/camaras-de-seguridad\/","title":{"rendered":"C\u00c1MARAS DE SEGURIDAD"},"content":{"rendered":"<p>[vc_row][vc_column][vc_single_image source=&#8221;external_link&#8221; custom_src=&#8221;http:\/\/www.upservice.cl\/site\/wp-content\/uploads\/2017\/08\/banner-cctv.jpg&#8221;][\/vc_column][\/vc_row][vc_row][vc_column][vc_column_text]<\/p>\n<h2>C\u00c1MARAS DE SEGURIDAD<\/h2>\n<p>&nbsp;<\/p>\n<p><span style=\"font-size: 21px;\">Con una basta experiencia en Cableado Estructurado, UPSERVICE integra en su gran rama de servicios la instalaci\u00f3n de\u00a0c\u00e1maras de seguridad,\u00a0poniendo a disposici\u00f3n del Cliente las distintas tecnolog\u00edas utilizadas, que se detallan a continuaci\u00f3n:<\/span>[\/vc_column_text][\/vc_column][\/vc_row][vc_row][vc_column width=&#8221;1\/3&#8243;][vc_column_text]<\/p>\n<h2><span style=\"font-size: 20px;\">C\u00c1MARAS DE SEGURIDAD AN\u00c1LOGAS<\/span><\/h2>\n<p>[\/vc_column_text][\/vc_column][vc_column width=&#8221;1\/3&#8243;][vc_column_text]<\/p>\n<h2><span style=\"font-size: 20px;\">C\u00c1MARAS DE SEGURIDAD HD<\/span><\/h2>\n<p>[\/vc_column_text][\/vc_column][vc_column width=&#8221;1\/3&#8243;][vc_column_text]<\/p>\n<h2><span style=\"font-size: 20px;\">C\u00c1MARAS DE SEGURIDAD IP<\/span><\/h2>\n<p>[\/vc_column_text][\/vc_column][\/vc_row]<\/p>\n","protected":false},"excerpt":{"rendered":"<p>[vc_row][vc_column][vc_single_image source=&#8221;external_link&#8221; custom_src=&#8221;http:\/\/www.upservice.cl\/site\/wp-content\/uploads\/2017\/08\/banner-cctv.jpg&#8221;][\/vc_column][\/vc_row][vc_row][vc_column][vc_column_text] C\u00c1MARAS DE SEGURIDAD &nbsp; Con una basta experiencia en Cableado Estructurado, UPSERVICE integra en su gran rama de servicios la instalaci\u00f3n de\u00a0c\u00e1maras de seguridad,\u00a0poniendo a disposici\u00f3n del Cliente las distintas tecnolog\u00edas utilizadas, que se detallan a continuaci\u00f3n:[\/vc_column_text][\/vc_column][\/vc_row][vc_row][vc_column width=&#8221;1\/3&#8243;][vc_column_text] C\u00c1MARAS DE SEGURIDAD AN\u00c1LOGAS [\/vc_column_text][\/vc_column][vc_column width=&#8221;1\/3&#8243;][vc_column_text] C\u00c1MARAS DE SEGURIDAD HD [\/vc_column_text][\/vc_column][vc_column width=&#8221;1\/3&#8243;][vc_column_text] C\u00c1MARAS DE [&hellip;]<\/p>\n","protected":false},"author":1,"featured_media":0,"parent":0,"menu_order":0,"comment_status":"closed","ping_status":"closed","template":"","meta":[],"_links":{"self":[{"href":"https:\/\/www.upservice.cl\/site\/wp-json\/wp\/v2\/pages\/1394"}],"collection":[{"href":"https:\/\/www.upservice.cl\/site\/wp-json\/wp\/v2\/pages"}],"about":[{"href":"https:\/\/www.upservice.cl\/site\/wp-json\/wp\/v2\/types\/page"}],"author":[{"embeddable":true,"href":"https:\/\/www.upservice.cl\/site\/wp-json\/wp\/v2\/users\/1"}],"replies":[{"embeddable":true,"href":"https:\/\/www.upservice.cl\/site\/wp-json\/wp\/v2\/comments?post=1394"}],"version-history":[{"count":9,"href":"https:\/\/www.upservice.cl\/site\/wp-json\/wp\/v2\/pages\/1394\/revisions"}],"predecessor-version":[{"id":1548,"href":"https:\/\/www.upservice.cl\/site\/wp-json\/wp\/v2\/pages\/1394\/revisions\/1548"}],"wp:attachment":[{"href":"https:\/\/www.upservice.cl\/site\/wp-json\/wp\/v2\/media?parent=1394"}],"curies":[{"name":"wp","href":"https:\/\/api.w.org\/{rel}","templated":true}]}}