{"id":1339,"date":"2017-08-10T19:41:26","date_gmt":"2017-08-10T19:41:26","guid":{"rendered":"http:\/\/localhost\/ups\/porto\/?page_id=1339"},"modified":"2018-11-30T03:38:29","modified_gmt":"2018-11-30T03:38:29","slug":"soporte","status":"publish","type":"page","link":"https:\/\/www.upservice.cl\/site\/soporte\/","title":{"rendered":"Soporte"},"content":{"rendered":"<p>[vc_row][vc_column][vc_column_text]<img loading=\"lazy\" class=\" wp-image-1414 alignright\" src=\"http:\/\/localhost\/ups\/porto\/wp-content\/uploads\/2017\/08\/soporte-300x177.jpg\" alt=\"\" width=\"400\" height=\"236\" srcset=\"https:\/\/www.upservice.cl\/site\/wp-content\/uploads\/2017\/08\/soporte-300x177.jpg 300w, https:\/\/www.upservice.cl\/site\/wp-content\/uploads\/2017\/08\/soporte-768x452.jpg 768w, https:\/\/www.upservice.cl\/site\/wp-content\/uploads\/2017\/08\/soporte-1024x603.jpg 1024w, https:\/\/www.upservice.cl\/site\/wp-content\/uploads\/2017\/08\/soporte-600x353.jpg 600w, https:\/\/www.upservice.cl\/site\/wp-content\/uploads\/2017\/08\/soporte.jpg 1449w\" sizes=\"(max-width: 400px) 100vw, 400px\" \/>UPSERVICE LTDA, pone a disposici\u00f3n de nuestros clientes, herramientas que faciliten la atenci\u00f3n y pronta respuesta de sus requerimientos. \u00a0Implementamos un <span style=\"font-size: 17px;\"><a href=\"http:\/\/www.upservice.cl\/soporte\/\"><strong>Sistema de ticket<\/strong><\/a><\/span>, para registar y dar segimiento a las solicitudes.<\/p>\n<p>Tambi\u00e9n\u00a0facilitamos\u00a0una herramienta para la asistencia remota de su equipo. Si se programa una asistencia remota, favor descargue el software en los lonks de a continuaci\u00f3n, y proporcione el identificador (ID) y contrase\u00f1a. Con estos datos podremos hacer uso de su equipo y manejarlo como si estuvi\u00e9semos en frente. Para su seguridad, una vez cerrado este programa, se cortar\u00e1 todo tipo de acceso.<\/p>\n<p>Si usted necesita otro tipo de asistencia o asesor\u00eda, lo invitamos a visitar nuestra p\u00e1gina de <strong><a href=\"http:\/\/localhost\/ups\/porto\/contact-us\/\">Contacto<\/a>.<\/strong><\/p>\n<p>[vc_separator color=&#8221;custom&#8221; gap=&#8221;taller&#8221; gradient=&#8221;yes&#8221;][\/vc_column_text][\/vc_column][\/vc_row][vc_row][vc_column width=&#8221;1\/3&#8243;][vc_column_text]Sistema de Tickets en l\u00ednea<\/p>\n<p><a href=\"http:\/\/www.upservice.cl\/soporte\"><img loading=\"lazy\" class=\"alignleft size-full wp-image-1423\" src=\"https:\/\/www.upservice.cl\/site\/wp-content\/uploads\/2017\/08\/osticket3.png\" alt=\"\" width=\"401\" height=\"128\" srcset=\"https:\/\/www.upservice.cl\/site\/wp-content\/uploads\/2017\/08\/osticket3.png 401w, https:\/\/www.upservice.cl\/site\/wp-content\/uploads\/2017\/08\/osticket3-300x96.png 300w\" sizes=\"(max-width: 401px) 100vw, 401px\" \/><\/a>[\/vc_column_text][\/vc_column][vc_column width=&#8221;1\/3&#8243;][vc_column_text]<a href=\"https:\/\/get.teamviewer.com\/p28dep6\"><img loading=\"lazy\" class=\"wp-image-1565 size-full aligncenter\" src=\"https:\/\/www.upservice.cl\/site\/wp-content\/uploads\/2017\/08\/teamv-QS-2.jpg\" alt=\"\" width=\"144\" height=\"190\" \/><\/a>[\/vc_column_text][\/vc_column][vc_column width=&#8221;1\/3&#8243;][vc_column_text]<a href=\"https:\/\/get.teamviewer.com\/k69kbkb\"><img loading=\"lazy\" class=\"wp-image-1566 size-full aligncenter\" src=\"https:\/\/www.upservice.cl\/site\/wp-content\/uploads\/2017\/08\/teamv-module-2.jpg\" alt=\"\" width=\"144\" height=\"190\" \/><\/a>[\/vc_column_text][\/vc_column][\/vc_row]<\/p>\n","protected":false},"excerpt":{"rendered":"<p>[vc_row][vc_column][vc_column_text]UPSERVICE LTDA, pone a disposici\u00f3n de nuestros clientes, herramientas que faciliten la atenci\u00f3n y pronta respuesta de sus requerimientos. \u00a0Implementamos un Sistema de ticket, para registar y dar segimiento a las solicitudes. Tambi\u00e9n\u00a0facilitamos\u00a0una herramienta para la asistencia remota de su equipo. Si se programa una asistencia remota, favor descargue el software en los lonks de [&hellip;]<\/p>\n","protected":false},"author":1,"featured_media":0,"parent":0,"menu_order":0,"comment_status":"closed","ping_status":"closed","template":"","meta":[],"_links":{"self":[{"href":"https:\/\/www.upservice.cl\/site\/wp-json\/wp\/v2\/pages\/1339"}],"collection":[{"href":"https:\/\/www.upservice.cl\/site\/wp-json\/wp\/v2\/pages"}],"about":[{"href":"https:\/\/www.upservice.cl\/site\/wp-json\/wp\/v2\/types\/page"}],"author":[{"embeddable":true,"href":"https:\/\/www.upservice.cl\/site\/wp-json\/wp\/v2\/users\/1"}],"replies":[{"embeddable":true,"href":"https:\/\/www.upservice.cl\/site\/wp-json\/wp\/v2\/comments?post=1339"}],"version-history":[{"count":29,"href":"https:\/\/www.upservice.cl\/site\/wp-json\/wp\/v2\/pages\/1339\/revisions"}],"predecessor-version":[{"id":1600,"href":"https:\/\/www.upservice.cl\/site\/wp-json\/wp\/v2\/pages\/1339\/revisions\/1600"}],"wp:attachment":[{"href":"https:\/\/www.upservice.cl\/site\/wp-json\/wp\/v2\/media?parent=1339"}],"curies":[{"name":"wp","href":"https:\/\/api.w.org\/{rel}","templated":true}]}}